{"id":253,"date":"2020-05-08T11:38:36","date_gmt":"2020-05-08T11:38:36","guid":{"rendered":"http:\/\/localhost\/?page_id=253"},"modified":"2020-05-13T16:11:35","modified_gmt":"2020-05-13T16:11:35","slug":"home","status":"publish","type":"page","link":"https:\/\/holabarbilbao.com\/fr\/","title":{"rendered":"Home"},"content":{"rendered":"\n<div class=\"wp-block-group home-bloque-2\"><div class=\"wp-block-group__inner-container\">\n<p class=\"has-text-color has-normal-font-size has-very-dark-gray-color home-bloque-2-title\">RESTAURANTE YANDIOLA<\/p>\n\n\n\n<p style=\"font-size:68px\" class=\"has-text-color has-very-dark-gray-color home-bloque-2-text\">Tu restaurante en el centro de Bilbao<\/p>\n\n\n\n<div class=\"wp-block-button div-link-button\"><a class=\"wp-block-button__link has-text-color has-background no-border-radius\" href=\"\/fr\/carta\/carta-yandiola\/\" style=\"background-color:#e6ff00;color:#000000\">VER CARTA<\/a><\/div>\n<\/div><\/div>\n\n\n\n<div class=\"wp-block-group home-bloque-3\"><div class=\"wp-block-group__inner-container\">\n<div class=\"wp-block-columns home-bloque-3-column\">\n<div class=\"wp-block-column home-bloque-3-column-1\" style=\"flex-basis:60%\">\n<p style=\"color:#282c34;font-size:22px\" class=\"has-text-color home-bloque-3-text\">Esta casa sigue apostando por una cocina basada en el producto local, a\u00fana en sus creaciones las ra\u00edces culinarias vizca\u00ednas con sus dotes creativas, ahora bajo la batuta de Javier Iturriaga. Todo ello en una ubicaci\u00f3n excepcional, en plena Alh\u00f3ndiga.<\/p>\n\n\n\n<div class=\"wp-block-button home-bloque-3-button\"><a class=\"wp-block-button__link has-text-color has-very-dark-gray-color has-background has-very-light-gray-background-color no-border-radius\" href=\"\/fr\/equipo\/\">QUI\u00c9NES SOMOS<\/a><\/div>\n<\/div>\n\n\n\n<div class=\"wp-block-column home-bloque-3-column-2\" style=\"flex-basis:40%\">\n<figure class=\"wp-block-image size-large\"><img loading=\"lazy\" width=\"296\" height=\"201\" src=\"http:\/\/holabarbilbao.com\/wp-content\/uploads\/2020\/05\/portada-plato-1-1.jpg\" alt=\"portada-plato-1\" class=\"wp-image-371\"\/><\/figure>\n\n\n\n<figure class=\"wp-block-image size-large\"><img loading=\"lazy\" width=\"321\" height=\"218\" src=\"http:\/\/holabarbilbao.com\/wp-content\/uploads\/2020\/05\/portada-plato-2-2.jpg\" alt=\"portada-plato-2\" class=\"wp-image-375\" srcset=\"https:\/\/holabarbilbao.com\/wp-content\/uploads\/2020\/05\/portada-plato-2-2.jpg 321w, https:\/\/holabarbilbao.com\/wp-content\/uploads\/2020\/05\/portada-plato-2-2-300x204.jpg 300w\" sizes=\"(max-width: 321px) 100vw, 321px\" \/><\/figure>\n<\/div>\n<\/div>\n<\/div><\/div>\n\n\n\n<div class=\"wp-block-group has-background div-link div-link-home\" style=\"background-color:#282c34\"><div class=\"wp-block-group__inner-container\">\n<p style=\"color:#ffffff\" class=\"has-text-color div-link-text\">ESPACIOS YANDIOLA<\/p>\n\n\n\n<p style=\"color:#ffffff\" class=\"has-text-color has-large-font-size div-link-sub-text\">Descubre todos nuestros espacios<\/p>\n\n\n\n<div class=\"wp-block-button div-link-button\"><a class=\"wp-block-button__link has-text-color has-background no-border-radius\" href=\"\/fr\/espacios\/\" style=\"background-color:#e6ff00;color:#000000\">VER ESPACIOS<\/a><\/div>\n<\/div><\/div>\n\n\n\n<figure class=\"wp-block-image size-large bloque-4-img\"><img loading=\"lazy\" width=\"1024\" height=\"683\" src=\"http:\/\/holabarbilbao.com\/wp-content\/uploads\/2020\/05\/yandiola-portada-2-1-1024x683.jpg\" alt=\"yandiola-portada-2\" class=\"wp-image-379\" srcset=\"https:\/\/holabarbilbao.com\/wp-content\/uploads\/2020\/05\/yandiola-portada-2-1-1024x683.jpg 1024w, https:\/\/holabarbilbao.com\/wp-content\/uploads\/2020\/05\/yandiola-portada-2-1-300x200.jpg 300w, https:\/\/holabarbilbao.com\/wp-content\/uploads\/2020\/05\/yandiola-portada-2-1-768x512.jpg 768w, https:\/\/holabarbilbao.com\/wp-content\/uploads\/2020\/05\/yandiola-portada-2-1-1536x1024.jpg 1536w, https:\/\/holabarbilbao.com\/wp-content\/uploads\/2020\/05\/yandiola-portada-2-1.jpg 1600w\" sizes=\"(max-width: 1024px) 100vw, 1024px\" \/><\/figure>\n\n\n\n<div class=\"wp-block-group home-bloque-5\"><div class=\"wp-block-group__inner-container\">\n<p class=\"has-large-font-size home-bloque-5-text\">Como el edificio de la Alh\u00f3ndiga en el que se encuentran sus bares y restaurantes, el restaurante Yandiola es ya una referencia del nuevo Bilbao<\/p>\n\n\n\n<div class=\"wp-block-button\"><a class=\"wp-block-button__link has-text-color has-background no-border-radius\" href=\"\/fr\/contacto\/\" style=\"background-color:#282c34;color:#ffffff\" rel=\"home-bloque-5-button\">CONTACTO<\/a><\/div>\n<\/div><\/div>\n","protected":false},"excerpt":{"rendered":"","protected":false},"author":1,"featured_media":0,"parent":0,"menu_order":0,"comment_status":"closed","ping_status":"closed","template":"","meta":[],"_links":{"self":[{"href":"https:\/\/holabarbilbao.com\/fr\/wp-json\/wp\/v2\/pages\/253"}],"collection":[{"href":"https:\/\/holabarbilbao.com\/fr\/wp-json\/wp\/v2\/pages"}],"about":[{"href":"https:\/\/holabarbilbao.com\/fr\/wp-json\/wp\/v2\/types\/page"}],"author":[{"embeddable":true,"href":"https:\/\/holabarbilbao.com\/fr\/wp-json\/wp\/v2\/users\/1"}],"replies":[{"embeddable":true,"href":"https:\/\/holabarbilbao.com\/fr\/wp-json\/wp\/v2\/comments?post=253"}],"version-history":[{"count":16,"href":"https:\/\/holabarbilbao.com\/fr\/wp-json\/wp\/v2\/pages\/253\/revisions"}],"predecessor-version":[{"id":415,"href":"https:\/\/holabarbilbao.com\/fr\/wp-json\/wp\/v2\/pages\/253\/revisions\/415"}],"wp:attachment":[{"href":"https:\/\/holabarbilbao.com\/fr\/wp-json\/wp\/v2\/media?parent=253"}],"curies":[{"name":"wp","href":"https:\/\/api.w.org\/{rel}","templated":true}]}}