{"id":283,"date":"2020-04-16T15:11:35","date_gmt":"2020-04-16T15:11:35","guid":{"rendered":"http:\/\/localhost\/equipo\/"},"modified":"2020-06-15T17:16:10","modified_gmt":"2020-06-15T17:16:10","slug":"equipo","status":"publish","type":"page","link":"https:\/\/holabarbilbao.com\/fr\/equipo\/","title":{"rendered":"Qui\u00e9nes somos"},"content":{"rendered":"\n<div class=\"wp-block-columns equipo-bloque-1 home-hero\">\n<div class=\"wp-block-column equipo-bloque-1-left\">\n<figure class=\"wp-block-image size-large img-equipo\"><img loading=\"lazy\" width=\"960\" height=\"656\" src=\"http:\/\/holabarbilbao.com\/wp-content\/uploads\/2020\/06\/828504_1a9d7b2b76a64edeb0c30f71f98f639c-4.png\" alt=\"\" class=\"wp-image-622\" srcset=\"https:\/\/holabarbilbao.com\/wp-content\/uploads\/2020\/06\/828504_1a9d7b2b76a64edeb0c30f71f98f639c-4.png 960w, https:\/\/holabarbilbao.com\/wp-content\/uploads\/2020\/06\/828504_1a9d7b2b76a64edeb0c30f71f98f639c-4-300x205.png 300w, https:\/\/holabarbilbao.com\/wp-content\/uploads\/2020\/06\/828504_1a9d7b2b76a64edeb0c30f71f98f639c-4-768x525.png 768w\" sizes=\"(max-width: 960px) 100vw, 960px\" \/><\/figure>\n\n\n\n<figure class=\"wp-block-image size-large img-equipo2\"><img loading=\"lazy\" width=\"960\" height=\"656\" src=\"http:\/\/holabarbilbao.com\/wp-content\/uploads\/2020\/06\/Yandiola_B192154.png\" alt=\"\" class=\"wp-image-625\" srcset=\"https:\/\/holabarbilbao.com\/wp-content\/uploads\/2020\/06\/Yandiola_B192154.png 960w, https:\/\/holabarbilbao.com\/wp-content\/uploads\/2020\/06\/Yandiola_B192154-300x205.png 300w, https:\/\/holabarbilbao.com\/wp-content\/uploads\/2020\/06\/Yandiola_B192154-768x525.png 768w\" sizes=\"(max-width: 960px) 100vw, 960px\" \/><\/figure>\n<\/div>\n\n\n\n<div class=\"wp-block-column equipo-bloque-1-right\">\n<h3 class=\"equipo-title \">El equipo<\/h3>\n\n\n\n<p class=\"equipo-bloque-1-right-text\">El equipo de trabajo que forma Yandiola ha ido evolucionando y cambiando para intentar dar respuesta a todas las necesidades que puedan exigir nuestros clientes. Gracias a ellos crecemos y aprendemos d\u00eda a d\u00eda.<\/p>\n\n\n\n<p class=\"equipo-bloque-1-right-text\">Desde el departamento de eventos formado por Raquel L\u00f3pez, Lorea y Mertxe , pasando por sala con la maitre Carolina Herrera, hasta nuestro jefe de cocina Javier Iturriaga.<\/p>\n\n\n\n<p class=\"equipo-bloque-1-right-text\">Pero no s\u00f3lo son \u00e9stos, sino que tambi\u00e9n forman parte del equipo Maria, Leire, Marby y Ali como caras visibles de este restaurante y detr\u00e1s, en los fogones: Ivan, Aritza, Miki, Ander, Iker, Hasan y Ahmed. Sin excluir a nuestros fant\u00e1sticos productores.<\/p>\n\n\n\n<p class=\"equipo-bloque-1-right-text\">La direcci\u00f3n del grupo est\u00e1 compuesta por Ricardo P\u00e9rez y Borja Etxebarria.<\/p>\n<\/div>\n<\/div>\n","protected":false},"excerpt":{"rendered":"<p>El equipo El equipo de trabajo que forma Yandiola ha ido evolucionando y cambiando para intentar dar respuesta a todas las necesidades que puedan exigir nuestros clientes. Gracias a ellos crecemos y aprendemos d\u00eda a d\u00eda. Desde el departamento de eventos formado por Raquel L\u00f3pez, Lorea y Mertxe , pasando por sala con la maitre [&hellip;]<\/p>\n","protected":false},"author":1,"featured_media":0,"parent":0,"menu_order":0,"comment_status":"closed","ping_status":"closed","template":"","meta":[],"_links":{"self":[{"href":"https:\/\/holabarbilbao.com\/fr\/wp-json\/wp\/v2\/pages\/283"}],"collection":[{"href":"https:\/\/holabarbilbao.com\/fr\/wp-json\/wp\/v2\/pages"}],"about":[{"href":"https:\/\/holabarbilbao.com\/fr\/wp-json\/wp\/v2\/types\/page"}],"author":[{"embeddable":true,"href":"https:\/\/holabarbilbao.com\/fr\/wp-json\/wp\/v2\/users\/1"}],"replies":[{"embeddable":true,"href":"https:\/\/holabarbilbao.com\/fr\/wp-json\/wp\/v2\/comments?post=283"}],"version-history":[{"count":8,"href":"https:\/\/holabarbilbao.com\/fr\/wp-json\/wp\/v2\/pages\/283\/revisions"}],"predecessor-version":[{"id":638,"href":"https:\/\/holabarbilbao.com\/fr\/wp-json\/wp\/v2\/pages\/283\/revisions\/638"}],"wp:attachment":[{"href":"https:\/\/holabarbilbao.com\/fr\/wp-json\/wp\/v2\/media?parent=283"}],"curies":[{"name":"wp","href":"https:\/\/api.w.org\/{rel}","templated":true}]}}